{"id":29,"date":"2021-09-18T17:13:00","date_gmt":"2021-09-18T15:13:00","guid":{"rendered":"http:\/\/bmtaxis.cluster029.hosting.ovh.net\/?page_id=29"},"modified":"2021-11-02T10:45:50","modified_gmt":"2021-11-02T09:45:50","slug":"accueil","status":"publish","type":"page","link":"https:\/\/bm-taxis.fr\/","title":{"rendered":"Groupe BM Taxis Bienvenue"},"content":{"rendered":"\n<p><strong>Fiabilit\u00e9 et r\u00e9activit\u00e9<\/strong><\/p>\n\n\n\n<p>Les meilleurs d\u00e9lais pour toutes les prestations de taxis professionnels, transferts gares\/ a\u00e9roports, liaisons inter-entreprises, voyages d&rsquo;affaires et transports touristiques.<\/p>\n\n\n\n<p><strong>Ponctualit\u00e9, flexibilit\u00e9 et s\u00e9curit\u00e9<\/strong><\/p>\n\n\n\n<p>Votre taxi priv\u00e9 pour les services scolaires, les transferts m\u00e9dicaux trajets professionnels de vos clients ou de vos collaborateurs \u00e0 Grenoble et dans sa r\u00e9gion.<\/p>\n\n\n\n<figure class=\"wp-block-image size-full\"><img src=\"http:\/\/bm-taxi.fr\/wp-content\/uploads\/2021\/09\/bm-taxis-grenoble_4989.jpg\" alt=\"\" class=\"wp-image-52\"\/><\/figure>\n\n\n\n<p><strong>A votre service 7 j\/ 7 et 24 h\/24 !<\/strong><\/p>\n\n\n\n<p> #Grenoble #Rives #Voiron #Meylan #Chamrousse <\/p>\n\n\n\n<p> Demandez un devis au 06 37 08 91 02<\/p>\n\n\n\n<p>ou via notre <a href=\"http:\/\/bm-taxis.fr\/index.php\/contact\/\" data-type=\"page\">formulaire de contact ici.<\/a> <\/p>\n\n\n\n<figure class=\"wp-block-image size-full\"><a href=\"http:\/\/bm-taxis.fr\/index.php\/contact\/\"><img src=\"http:\/\/bm-taxi.fr\/wp-content\/uploads\/2021\/09\/LOGO_MASTER_252_w.jpg\" alt=\"GROUPE BM TAXIS\" class=\"wp-image-138\"\/><\/a><figcaption><span style=\"color:#ece7e7\" class=\"has-inline-color\">GROUPE BM TAXIS Flexibilit\u00e9 Ponctualit\u00e9<\/span><\/figcaption><\/figure>\n\n\n\n<p><\/p>\n\n\n\n<p><\/p>\n","protected":false},"excerpt":{"rendered":"<p>Fiabilit\u00e9 et r\u00e9activit\u00e9 Les meilleurs d\u00e9lais pour toutes les prestations de taxis professionnels, transferts gares\/ a\u00e9roports, liaisons inter-entreprises, voyages d&rsquo;affaires et transports touristiques. Ponctualit\u00e9, flexibilit\u00e9 et s\u00e9curit\u00e9 Votre taxi priv\u00e9 pour les services scolaires, les transferts m\u00e9dicaux trajets professionnels de vos clients ou de vos collaborateurs \u00e0 Grenoble et dans sa r\u00e9gion. A votre service &hellip; <\/p>\n<p class=\"link-more\"><a href=\"https:\/\/bm-taxis.fr\/\" class=\"more-link\">Continuer la lecture<span class=\"screen-reader-text\"> de &laquo;&nbsp;Groupe BM Taxis Bienvenue&nbsp;&raquo;<\/span><\/a><\/p>\n","protected":false},"author":1,"featured_media":0,"parent":0,"menu_order":0,"comment_status":"closed","ping_status":"closed","template":"","meta":[],"_links":{"self":[{"href":"https:\/\/bm-taxis.fr\/index.php\/wp-json\/wp\/v2\/pages\/29"}],"collection":[{"href":"https:\/\/bm-taxis.fr\/index.php\/wp-json\/wp\/v2\/pages"}],"about":[{"href":"https:\/\/bm-taxis.fr\/index.php\/wp-json\/wp\/v2\/types\/page"}],"author":[{"embeddable":true,"href":"https:\/\/bm-taxis.fr\/index.php\/wp-json\/wp\/v2\/users\/1"}],"replies":[{"embeddable":true,"href":"https:\/\/bm-taxis.fr\/index.php\/wp-json\/wp\/v2\/comments?post=29"}],"version-history":[{"count":6,"href":"https:\/\/bm-taxis.fr\/index.php\/wp-json\/wp\/v2\/pages\/29\/revisions"}],"predecessor-version":[{"id":111,"href":"https:\/\/bm-taxis.fr\/index.php\/wp-json\/wp\/v2\/pages\/29\/revisions\/111"}],"wp:attachment":[{"href":"https:\/\/bm-taxis.fr\/index.php\/wp-json\/wp\/v2\/media?parent=29"}],"curies":[{"name":"wp","href":"https:\/\/api.w.org\/{rel}","templated":true}]}}